{"id":2396,"date":"2026-02-20T13:58:45","date_gmt":"2026-02-20T13:58:45","guid":{"rendered":"https:\/\/www.imageway.ch\/?page_id=2396"},"modified":"2026-02-20T14:26:51","modified_gmt":"2026-02-20T14:26:51","slug":"iw-fotoservice-neu","status":"publish","type":"page","link":"https:\/\/www.imageway.ch\/?page_id=2396","title":{"rendered":"IW Fotoservice NEU"},"content":{"rendered":"\t\t<div data-elementor-type=\"wp-page\" data-elementor-id=\"2396\" class=\"elementor elementor-2396\" data-elementor-post-type=\"page\">\n\t\t\t\t<div class=\"elementor-element elementor-element-49b36eef e-flex e-con-boxed e-con e-child\" data-id=\"49b36eef\" data-element_type=\"container\">\n\t\t\t\t\t<div class=\"e-con-inner\">\n\t\t\t\t<div class=\"elementor-element elementor-element-169c721b elementor-widget elementor-widget-heading\" data-id=\"169c721b\" data-element_type=\"widget\" data-widget_type=\"heading.default\">\n\t\t\t\t<div class=\"elementor-widget-container\">\n\t\t\t\t\t<p class=\"elementor-heading-title elementor-size-default\">Unser Fotoservice<\/p>\t\t\t\t<\/div>\n\t\t\t\t<\/div>\n\t\t\t\t<div class=\"elementor-element elementor-element-5dcd91e6 elementor-widget elementor-widget-heading\" data-id=\"5dcd91e6\" data-element_type=\"widget\" data-widget_type=\"heading.default\">\n\t\t\t\t<div class=\"elementor-widget-container\">\n\t\t\t\t\t<h2 class=\"elementor-heading-title elementor-size-default\">Wir holen das Beste aus Ihren Bildern heraus.<\/h2>\t\t\t\t<\/div>\n\t\t\t\t<\/div>\n\t\t\t\t\t<\/div>\n\t\t\t\t<\/div>\n\t\t<div class=\"elementor-element elementor-element-2529c455 e-con-full e-flex e-con e-parent\" data-id=\"2529c455\" data-element_type=\"container\" data-settings=\"{&quot;background_background&quot;:&quot;classic&quot;}\">\n\t\t\t\t<div class=\"elementor-element elementor-element-483bc852 elementor-widget-tablet__width-initial elementor-widget elementor-widget-image\" data-id=\"483bc852\" data-element_type=\"widget\" data-widget_type=\"image.default\">\n\t\t\t\t<div class=\"elementor-widget-container\">\n\t\t\t\t\t\t\t\t\t\t\t\t\t\t\t<img fetchpriority=\"high\" decoding=\"async\" width=\"1024\" height=\"682\" src=\"https:\/\/www.imageway.ch\/wp-content\/uploads\/2023\/07\/Bildschirmfoto-2023-07-22-um-08.16.46-1024x682.png\" class=\"attachment-large size-large wp-image-1709\" alt=\"\" srcset=\"https:\/\/www.imageway.ch\/wp-content\/uploads\/2023\/07\/Bildschirmfoto-2023-07-22-um-08.16.46-1024x682.png 1024w, https:\/\/www.imageway.ch\/wp-content\/uploads\/2023\/07\/Bildschirmfoto-2023-07-22-um-08.16.46-300x200.png 300w, https:\/\/www.imageway.ch\/wp-content\/uploads\/2023\/07\/Bildschirmfoto-2023-07-22-um-08.16.46-768x512.png 768w, https:\/\/www.imageway.ch\/wp-content\/uploads\/2023\/07\/Bildschirmfoto-2023-07-22-um-08.16.46.png 1057w\" sizes=\"(max-width: 1024px) 100vw, 1024px\" \/>\t\t\t\t\t\t\t\t\t\t\t\t\t\t\t<\/div>\n\t\t\t\t<\/div>\n\t\t<div class=\"elementor-element elementor-element-2bf5d382 e-con-full e-flex e-con e-child\" data-id=\"2bf5d382\" data-element_type=\"container\">\n\t\t\t\t<div class=\"elementor-element elementor-element-46f68046 elementor-widget elementor-widget-heading\" data-id=\"46f68046\" data-element_type=\"widget\" data-widget_type=\"heading.default\">\n\t\t\t\t<div class=\"elementor-widget-container\">\n\t\t\t\t\t<h2 class=\"elementor-heading-title elementor-size-default\">Fotobestellung<\/h2>\t\t\t\t<\/div>\n\t\t\t\t<\/div>\n\t\t\t\t<div class=\"elementor-element elementor-element-3fd625d elementor-widget-mobile__width-inherit elementor-widget elementor-widget-text-editor\" data-id=\"3fd625d\" data-element_type=\"widget\" data-widget_type=\"text-editor.default\">\n\t\t\t\t<div class=\"elementor-widget-container\">\n\t\t\t\t\t\t\t\t\t<p><em style=\"font-variant-caps: normal; caret-color: #ffffff; color: #ffffff;\" data-start=\"1493\" data-end=\"1561\">Individuelle W\u00fcnsche? Sprechen Sie uns an \u2013 wir beraten Sie gerne.<em data-start=\"1493\" data-end=\"1561\">Indiv<\/em><\/em><\/p><p>\u00dcber unsere Bestellsoftware k\u00f6nnen Sie noch einfacher Ihre Bilder von Zuhause aus bestellen und bei uns im Fotofachgesch\u00e4ft abholen kommen.<\/p><p>Scannen Sie ganz einfach den QR-Code oder <a href=\"https:\/\/imageway.photo-upload.ch\/de\/\">klicken Sie hier<\/a> um Ihre Bilder zu bestellen.<\/p><p><em style=\"font-variant-caps: normal; caret-color: #ffffff; color: #ffffff;\" data-start=\"1493\" data-end=\"1561\"><em data-start=\"1493\" data-end=\"1561\">iduelle W\u00fcnsche? Sprechen Sie uns an \u2013 wir beraten Sie gerne.<\/em><\/em><\/p>\t\t\t\t\t\t\t\t<\/div>\n\t\t\t\t<\/div>\n\t\t\t\t<\/div>\n\t\t\t\t<\/div>\n\t\t<div class=\"elementor-element elementor-element-798162b0 e-con-full e-flex e-con e-parent\" data-id=\"798162b0\" data-element_type=\"container\" data-settings=\"{&quot;background_background&quot;:&quot;classic&quot;}\">\n\t\t\t\t<div class=\"elementor-element elementor-element-48024e34 elementor-widget elementor-widget-heading\" data-id=\"48024e34\" data-element_type=\"widget\" data-widget_type=\"heading.default\">\n\t\t\t\t<div class=\"elementor-widget-container\">\n\t\t\t\t\t<h2 class=\"elementor-heading-title elementor-size-default\">Fotoservice<\/h2>\t\t\t\t<\/div>\n\t\t\t\t<\/div>\n\t\t<div class=\"elementor-element elementor-element-47a2d27e e-con-full e-flex e-con e-child\" data-id=\"47a2d27e\" data-element_type=\"container\">\n\t\t<div class=\"elementor-element elementor-element-7218d01f e-con-full e-flex e-con e-child\" data-id=\"7218d01f\" data-element_type=\"container\">\n\t\t\t\t<div class=\"elementor-element elementor-element-c9bb2c7 elementor-cta--layout-image-above elementor-widget__width-inherit elementor-cta--skin-classic elementor-animated-content elementor-bg-transform elementor-bg-transform-zoom-in elementor-widget elementor-widget-call-to-action\" data-id=\"c9bb2c7\" data-element_type=\"widget\" data-widget_type=\"call-to-action.default\">\n\t\t\t\t<div class=\"elementor-widget-container\">\n\t\t\t\t\t\t\t<div class=\"elementor-cta\">\n\t\t\t\t\t<div class=\"elementor-cta__bg-wrapper\">\n\t\t\t\t<div class=\"elementor-cta__bg elementor-bg\" style=\"background-image: url(https:\/\/www.imageway.ch\/wp-content\/uploads\/2021\/06\/Plotten.jpg);\" role=\"img\" aria-label=\"Plotten\"><\/div>\n\t\t\t\t<div class=\"elementor-cta__bg-overlay\"><\/div>\n\t\t\t<\/div>\n\t\t\t\t\t\t\t<div class=\"elementor-cta__content\">\n\t\t\t\t\n\t\t\t\t\t\t\t\t\t<h2 class=\"elementor-cta__title elementor-cta__content-item elementor-content-item\">\n\t\t\t\t\t\tProfessionelle Fotoprints\t\t\t\t\t<\/h2>\n\t\t\t\t\n\t\t\t\t\t\t\t\t\t<div class=\"elementor-cta__description elementor-cta__content-item elementor-content-item\">\n\t\t\t\t\t\tWir produzieren deine Fotos direkt bei uns im eigenen Labor auf hochwertigem Fotopapier \u2013 klassisch, brillant und bis max. 60 \u00d7 90 cm. Gr\u00f6ssere Formate k\u00f6nnen bestellt werden. Schnelle Lieferung und perfekte Qualit\u00e4t f\u00fcr deine Erinnerungen.\t\t\t\t\t<\/div>\n\t\t\t\t\n\t\t\t\t\t\t\t<\/div>\n\t\t\t\t\t\t<\/div>\n\t\t\t\t\t\t<\/div>\n\t\t\t\t<\/div>\n\t\t\t\t<\/div>\n\t\t<div class=\"elementor-element elementor-element-70dd1a7a e-con-full e-flex e-con e-child\" data-id=\"70dd1a7a\" data-element_type=\"container\">\n\t\t\t\t<div class=\"elementor-element elementor-element-480af659 elementor-cta--layout-image-above elementor-widget__width-inherit elementor-cta--skin-classic elementor-animated-content elementor-bg-transform elementor-bg-transform-zoom-in elementor-widget elementor-widget-call-to-action\" data-id=\"480af659\" data-element_type=\"widget\" data-widget_type=\"call-to-action.default\">\n\t\t\t\t<div class=\"elementor-widget-container\">\n\t\t\t\t\t\t\t<div class=\"elementor-cta\">\n\t\t\t\t\t<div class=\"elementor-cta__bg-wrapper\">\n\t\t\t\t<div class=\"elementor-cta__bg elementor-bg\" style=\"background-image: url(https:\/\/www.imageway.ch\/wp-content\/uploads\/2021\/08\/Foto_037_B-1024x683.jpg);\" role=\"img\" aria-label=\"Foto_037_B\"><\/div>\n\t\t\t\t<div class=\"elementor-cta__bg-overlay\"><\/div>\n\t\t\t<\/div>\n\t\t\t\t\t\t\t<div class=\"elementor-cta__content\">\n\t\t\t\t\n\t\t\t\t\t\t\t\t\t<h2 class=\"elementor-cta__title elementor-cta__content-item elementor-content-item\">\n\t\t\t\t\t\tBilder einrahmen lassen\t\t\t\t\t<\/h2>\n\t\t\t\t\n\t\t\t\t\t\t\t\t\t<div class=\"elementor-cta__description elementor-cta__content-item elementor-content-item\">\n\t\t\t\t\t\tEdle Rahmen verleihen deinen Fotos den perfekten Abschluss. Bei uns findest du eine grosse Auswahl an Bilderrahmen im Gesch\u00e4ft. Auf Wunsch fertigen wir auch Massanfertigungen \u2013 so passt alles genau zu deinem Stil.\t\t\t\t\t<\/div>\n\t\t\t\t\n\t\t\t\t\t\t\t<\/div>\n\t\t\t\t\t\t<\/div>\n\t\t\t\t\t\t<\/div>\n\t\t\t\t<\/div>\n\t\t\t\t<\/div>\n\t\t<div class=\"elementor-element elementor-element-184edd e-con-full e-flex e-con e-child\" data-id=\"184edd\" data-element_type=\"container\">\n\t\t\t\t<div class=\"elementor-element elementor-element-444d40ea elementor-cta--layout-image-above elementor-widget__width-inherit elementor-cta--skin-classic elementor-animated-content elementor-bg-transform elementor-bg-transform-zoom-in elementor-widget elementor-widget-call-to-action\" data-id=\"444d40ea\" data-element_type=\"widget\" data-widget_type=\"call-to-action.default\">\n\t\t\t\t<div class=\"elementor-widget-container\">\n\t\t\t\t\t\t\t<div class=\"elementor-cta\">\n\t\t\t\t\t<div class=\"elementor-cta__bg-wrapper\">\n\t\t\t\t<div class=\"elementor-cta__bg elementor-bg\" style=\"background-image: url(https:\/\/www.imageway.ch\/wp-content\/uploads\/2021\/06\/aufziehen.jpg);\" role=\"img\" aria-label=\"aufziehen\"><\/div>\n\t\t\t\t<div class=\"elementor-cta__bg-overlay\"><\/div>\n\t\t\t<\/div>\n\t\t\t\t\t\t\t<div class=\"elementor-cta__content\">\n\t\t\t\t\n\t\t\t\t\t\t\t\t\t<h2 class=\"elementor-cta__title elementor-cta__content-item elementor-content-item\">\n\t\t\t\t\t\tAufziehen & Pr\u00e4sentieren\t\t\t\t\t<\/h2>\n\t\t\t\t\n\t\t\t\t\t\t\t\t\t<div class=\"elementor-cta__description elementor-cta__content-item elementor-content-item\">\n\t\t\t\t\t\tF\u00fcr eine stilvolle Pr\u00e4sentation ziehen wir deine Bilder auf Materialien wie Alu-Dibond, Canvas, Forex oder PVC auf \u2013 sauber, langlebig und professionell. Ideal f\u00fcr zu Hause, B\u00fcro oder Ausstellung.\t\t\t\t\t<\/div>\n\t\t\t\t\n\t\t\t\t\t\t\t<\/div>\n\t\t\t\t\t\t<\/div>\n\t\t\t\t\t\t<\/div>\n\t\t\t\t<\/div>\n\t\t\t\t<\/div>\n\t\t\t\t<\/div>\n\t\t<div class=\"elementor-element elementor-element-5c7f802 e-con-full e-flex e-con e-child\" data-id=\"5c7f802\" data-element_type=\"container\">\n\t\t<div class=\"elementor-element elementor-element-5aa6dac e-con-full e-flex e-con e-child\" data-id=\"5aa6dac\" data-element_type=\"container\">\n\t\t\t\t<div class=\"elementor-element elementor-element-e30cfeb elementor-cta--layout-image-above elementor-widget__width-inherit elementor-cta--skin-classic elementor-animated-content elementor-bg-transform elementor-bg-transform-zoom-in elementor-widget elementor-widget-call-to-action\" data-id=\"e30cfeb\" data-element_type=\"widget\" data-widget_type=\"call-to-action.default\">\n\t\t\t\t<div class=\"elementor-widget-container\">\n\t\t\t\t\t\t\t<div class=\"elementor-cta\">\n\t\t\t\t\t<div class=\"elementor-cta__bg-wrapper\">\n\t\t\t\t<div class=\"elementor-cta__bg elementor-bg\" style=\"background-image: url(https:\/\/www.imageway.ch\/wp-content\/uploads\/2021\/06\/Scan_Negativ.jpg);\" role=\"img\" aria-label=\"Scan_Negativ\"><\/div>\n\t\t\t\t<div class=\"elementor-cta__bg-overlay\"><\/div>\n\t\t\t<\/div>\n\t\t\t\t\t\t\t<div class=\"elementor-cta__content\">\n\t\t\t\t\n\t\t\t\t\t\t\t\t\t<h2 class=\"elementor-cta__title elementor-cta__content-item elementor-content-item\">\n\t\t\t\t\t\tDigitalisierung alter Medien\t\t\t\t\t<\/h2>\n\t\t\t\t\n\t\t\t\t\t\t\t\t\t<div class=\"elementor-cta__description elementor-cta__content-item elementor-content-item\">\n\t\t\t\t\t\tWir machen aus deinen analogen Bildern digitale Dateien \u2013 schnell und zuverl\u00e4ssig. So kannst du alte Erinnerungen sichern, weiterverwenden oder neu drucken lassen.\t\t\t\t\t<\/div>\n\t\t\t\t\n\t\t\t\t\t\t\t<\/div>\n\t\t\t\t\t\t<\/div>\n\t\t\t\t\t\t<\/div>\n\t\t\t\t<\/div>\n\t\t\t\t<\/div>\n\t\t<div class=\"elementor-element elementor-element-2e9250c e-con-full e-flex e-con e-child\" data-id=\"2e9250c\" data-element_type=\"container\">\n\t\t\t\t<div class=\"elementor-element elementor-element-d0a2044 elementor-cta--layout-image-above elementor-widget__width-inherit elementor-cta--skin-classic elementor-animated-content elementor-bg-transform elementor-bg-transform-zoom-in elementor-widget elementor-widget-call-to-action\" data-id=\"d0a2044\" data-element_type=\"widget\" data-widget_type=\"call-to-action.default\">\n\t\t\t\t<div class=\"elementor-widget-container\">\n\t\t\t\t\t\t\t<div class=\"elementor-cta\">\n\t\t\t\t\t<div class=\"elementor-cta__bg-wrapper\">\n\t\t\t\t<div class=\"elementor-cta__bg elementor-bg\" style=\"background-image: url(https:\/\/www.imageway.ch\/wp-content\/uploads\/2021\/06\/Plotten.jpg);\" role=\"img\" aria-label=\"Plotten\"><\/div>\n\t\t\t\t<div class=\"elementor-cta__bg-overlay\"><\/div>\n\t\t\t<\/div>\n\t\t\t\t\t\t\t<div class=\"elementor-cta__content\">\n\t\t\t\t\n\t\t\t\t\t\t\t\t\t<h2 class=\"elementor-cta__title elementor-cta__content-item elementor-content-item\">\n\t\t\t\t\t\tIndividuelle Foto-Geschenke\t\t\t\t\t<\/h2>\n\t\t\t\t\n\t\t\t\t\t\t\t\t\t<div class=\"elementor-cta__description elementor-cta__content-item elementor-content-item\">\n\t\t\t\t\t\tMach aus Lieblingsbildern pers\u00f6nliche Geschenke: Fotob\u00fccher, Tassen, Puzzles und mehr \u2013 perfekt f\u00fcr Geburtstag, Familie oder besondere Anl\u00e4sse. Lass dich bei uns inspirieren oder bestelle ganz einfach online.\t\t\t\t\t<\/div>\n\t\t\t\t\n\t\t\t\t\t\t\t<\/div>\n\t\t\t\t\t\t<\/div>\n\t\t\t\t\t\t<\/div>\n\t\t\t\t<\/div>\n\t\t\t\t<\/div>\n\t\t<div class=\"elementor-element elementor-element-03a78b7 e-con-full e-flex e-con e-child\" data-id=\"03a78b7\" data-element_type=\"container\">\n\t\t\t\t<div class=\"elementor-element elementor-element-08688c0 elementor-cta--layout-image-above elementor-widget__width-inherit elementor-cta--skin-classic elementor-animated-content elementor-bg-transform elementor-bg-transform-zoom-in elementor-widget elementor-widget-call-to-action\" data-id=\"08688c0\" data-element_type=\"widget\" data-widget_type=\"call-to-action.default\">\n\t\t\t\t<div class=\"elementor-widget-container\">\n\t\t\t\t\t\t\t<div class=\"elementor-cta\">\n\t\t\t\t\t<div class=\"elementor-cta__bg-wrapper\">\n\t\t\t\t<div class=\"elementor-cta__bg elementor-bg\" style=\"background-image: url(https:\/\/www.imageway.ch\/wp-content\/uploads\/2021\/08\/Foto_037_B-1024x683.jpg);\" role=\"img\" aria-label=\"Foto_037_B\"><\/div>\n\t\t\t\t<div class=\"elementor-cta__bg-overlay\"><\/div>\n\t\t\t<\/div>\n\t\t\t\t\t\t\t<div class=\"elementor-cta__content\">\n\t\t\t\t\n\t\t\t\t\t\t\t\t\t<h2 class=\"elementor-cta__title elementor-cta__content-item elementor-content-item\">\n\t\t\t\t\t\tProfessionelle Retusche & Bildbearbeitung\t\t\t\t\t<\/h2>\n\t\t\t\t\n\t\t\t\t\t\t\t\t\t<div class=\"elementor-cta__description elementor-cta__content-item elementor-content-item\">\n\t\t\t\t\t\tFeinheiten korrigieren, Farben optimieren, Haut retuschieren \u2013 wir bearbeiten deine Bilder professionell f\u00fcr den perfekten Look. Ob kleine Korrekturen oder anspruchsvolle Optimierung, wir holen das Beste aus jedem Bild heraus. (Text nach eurem Stil anpassbar)\t\t\t\t\t<\/div>\n\t\t\t\t\n\t\t\t\t\t\t\t<\/div>\n\t\t\t\t\t\t<\/div>\n\t\t\t\t\t\t<\/div>\n\t\t\t\t<\/div>\n\t\t\t\t<\/div>\n\t\t\t\t<\/div>\n\t\t\t\t<\/div>\n\t\t<div class=\"elementor-element elementor-element-8427082 e-flex e-con-boxed e-con e-child\" data-id=\"8427082\" data-element_type=\"container\">\n\t\t\t\t\t<div class=\"e-con-inner\">\n\t\t\t\t<div class=\"elementor-element elementor-element-c2eb0a9 elementor-widget elementor-widget-heading\" data-id=\"c2eb0a9\" data-element_type=\"widget\" data-widget_type=\"heading.default\">\n\t\t\t\t<div class=\"elementor-widget-container\">\n\t\t\t\t\t<p class=\"elementor-heading-title elementor-size-default\">Individuelle W\u00fcnsche?<\/p>\t\t\t\t<\/div>\n\t\t\t\t<\/div>\n\t\t\t\t<div class=\"elementor-element elementor-element-b3303fa elementor-widget elementor-widget-heading\" data-id=\"b3303fa\" data-element_type=\"widget\" data-widget_type=\"heading.default\">\n\t\t\t\t<div class=\"elementor-widget-container\">\n\t\t\t\t\t<h2 class=\"elementor-heading-title elementor-size-default\">Sprechen Sie uns an - wir beraten Sie gerne.<\/h2>\t\t\t\t<\/div>\n\t\t\t\t<\/div>\n\t\t\t\t\t<\/div>\n\t\t\t\t<\/div>\n\t\t\t\t<\/div>\n\t\t","protected":false},"excerpt":{"rendered":"<p>Unser Fotoservice Wir holen das Beste aus Ihren Bildern heraus. Fotobestellung Individuelle W\u00fcnsche? Sprechen Sie uns an \u2013 wir beraten Sie gerne.Indiv \u00dcber unsere Bestellsoftware k\u00f6nnen Sie noch einfacher Ihre Bilder von Zuhause aus bestellen und bei uns im Fotofachgesch\u00e4ft abholen kommen. Scannen Sie ganz einfach den QR-Code oder klicken Sie hier um Ihre Bilder [&hellip;]<\/p>\n","protected":false},"author":2,"featured_media":0,"parent":0,"menu_order":0,"comment_status":"closed","ping_status":"closed","template":"","meta":{"ocean_post_layout":"full-screen","ocean_both_sidebars_style":"","ocean_both_sidebars_content_width":0,"ocean_both_sidebars_sidebars_width":0,"ocean_sidebar":"0","ocean_second_sidebar":"0","ocean_disable_margins":"enable","ocean_add_body_class":"","ocean_shortcode_before_top_bar":"","ocean_shortcode_after_top_bar":"","ocean_shortcode_before_header":"","ocean_shortcode_after_header":"","ocean_has_shortcode":"","ocean_shortcode_after_title":"","ocean_shortcode_before_footer_widgets":"","ocean_shortcode_after_footer_widgets":"","ocean_shortcode_before_footer_bottom":"","ocean_shortcode_after_footer_bottom":"","ocean_display_top_bar":"off","ocean_display_header":"on","ocean_header_style":"","ocean_center_header_left_menu":"0","ocean_custom_header_template":"0","ocean_custom_logo":0,"ocean_custom_retina_logo":0,"ocean_custom_logo_max_width":0,"ocean_custom_logo_tablet_max_width":0,"ocean_custom_logo_mobile_max_width":0,"ocean_custom_logo_max_height":0,"ocean_custom_logo_tablet_max_height":0,"ocean_custom_logo_mobile_max_height":0,"ocean_header_custom_menu":"0","ocean_menu_typo_font_family":"0","ocean_menu_typo_font_subset":"","ocean_menu_typo_font_size":0,"ocean_menu_typo_font_size_tablet":0,"ocean_menu_typo_font_size_mobile":0,"ocean_menu_typo_font_size_unit":"px","ocean_menu_typo_font_weight":"","ocean_menu_typo_font_weight_tablet":"","ocean_menu_typo_font_weight_mobile":"","ocean_menu_typo_transform":"","ocean_menu_typo_transform_tablet":"","ocean_menu_typo_transform_mobile":"","ocean_menu_typo_line_height":0,"ocean_menu_typo_line_height_tablet":0,"ocean_menu_typo_line_height_mobile":0,"ocean_menu_typo_line_height_unit":"","ocean_menu_typo_spacing":0,"ocean_menu_typo_spacing_tablet":0,"ocean_menu_typo_spacing_mobile":0,"ocean_menu_typo_spacing_unit":"","ocean_menu_link_color":"","ocean_menu_link_color_hover":"","ocean_menu_link_color_active":"","ocean_menu_link_background":"","ocean_menu_link_hover_background":"","ocean_menu_link_active_background":"","ocean_menu_social_links_bg":"","ocean_menu_social_hover_links_bg":"","ocean_menu_social_links_color":"","ocean_menu_social_hover_links_color":"","ocean_disable_title":"on","ocean_disable_heading":"default","ocean_post_title":"","ocean_post_subheading":"","ocean_post_title_style":"","ocean_post_title_background_color":"","ocean_post_title_background":0,"ocean_post_title_bg_image_position":"","ocean_post_title_bg_image_attachment":"","ocean_post_title_bg_image_repeat":"","ocean_post_title_bg_image_size":"","ocean_post_title_height":0,"ocean_post_title_bg_overlay":0.5,"ocean_post_title_bg_overlay_color":"","ocean_disable_breadcrumbs":"default","ocean_breadcrumbs_color":"","ocean_breadcrumbs_separator_color":"","ocean_breadcrumbs_links_color":"","ocean_breadcrumbs_links_hover_color":"","ocean_display_footer_widgets":"on","ocean_display_footer_bottom":"on","ocean_custom_footer_template":"0","footnotes":""},"class_list":["post-2396","page","type-page","status-publish","hentry","entry"],"_links":{"self":[{"href":"https:\/\/www.imageway.ch\/index.php?rest_route=\/wp\/v2\/pages\/2396","targetHints":{"allow":["GET"]}}],"collection":[{"href":"https:\/\/www.imageway.ch\/index.php?rest_route=\/wp\/v2\/pages"}],"about":[{"href":"https:\/\/www.imageway.ch\/index.php?rest_route=\/wp\/v2\/types\/page"}],"author":[{"embeddable":true,"href":"https:\/\/www.imageway.ch\/index.php?rest_route=\/wp\/v2\/users\/2"}],"replies":[{"embeddable":true,"href":"https:\/\/www.imageway.ch\/index.php?rest_route=%2Fwp%2Fv2%2Fcomments&post=2396"}],"version-history":[{"count":4,"href":"https:\/\/www.imageway.ch\/index.php?rest_route=\/wp\/v2\/pages\/2396\/revisions"}],"predecessor-version":[{"id":2595,"href":"https:\/\/www.imageway.ch\/index.php?rest_route=\/wp\/v2\/pages\/2396\/revisions\/2595"}],"wp:attachment":[{"href":"https:\/\/www.imageway.ch\/index.php?rest_route=%2Fwp%2Fv2%2Fmedia&parent=2396"}],"curies":[{"name":"wp","href":"https:\/\/api.w.org\/{rel}","templated":true}]}}