{"id":204,"date":"2021-06-10T21:52:19","date_gmt":"2021-06-10T21:52:19","guid":{"rendered":"https:\/\/imageway.ch\/?page_id=204"},"modified":"2023-07-22T07:50:22","modified_gmt":"2023-07-22T07:50:22","slug":"iw-fotoservice","status":"publish","type":"page","link":"https:\/\/www.imageway.ch\/?page_id=204","title":{"rendered":"IW Fotoservice"},"content":{"rendered":"\t\t<div data-elementor-type=\"wp-page\" data-elementor-id=\"204\" class=\"elementor elementor-204\" data-elementor-post-type=\"page\">\n\t\t\t\t\t\t<section class=\"elementor-section elementor-top-section elementor-element elementor-element-61e46b51 elementor-section-content-middle elementor-section-boxed elementor-section-height-default elementor-section-height-default\" data-id=\"61e46b51\" data-element_type=\"section\">\n\t\t\t\t\t\t<div class=\"elementor-container elementor-column-gap-no\">\n\t\t\t\t\t<div class=\"elementor-column elementor-col-100 elementor-top-column elementor-element elementor-element-1a6fad2c\" data-id=\"1a6fad2c\" data-element_type=\"column\">\n\t\t\t<div class=\"elementor-widget-wrap elementor-element-populated\">\n\t\t\t\t\t\t<div class=\"elementor-element elementor-element-12781e66 elementor-widget elementor-widget-heading\" data-id=\"12781e66\" data-element_type=\"widget\" data-widget_type=\"heading.default\">\n\t\t\t\t<div class=\"elementor-widget-container\">\n\t\t\t\t\t<h4 class=\"elementor-heading-title elementor-size-default\">Fotoservice<\/h4>\t\t\t\t<\/div>\n\t\t\t\t<\/div>\n\t\t\t\t\t<\/div>\n\t\t<\/div>\n\t\t\t\t\t<\/div>\n\t\t<\/section>\n\t\t\t\t<section class=\"elementor-section elementor-top-section elementor-element elementor-element-7ed2436 elementor-section-boxed elementor-section-height-default elementor-section-height-default\" data-id=\"7ed2436\" data-element_type=\"section\">\n\t\t\t\t\t\t<div class=\"elementor-container elementor-column-gap-default\">\n\t\t\t\t\t<div class=\"elementor-column elementor-col-50 elementor-top-column elementor-element elementor-element-2efaa297\" data-id=\"2efaa297\" data-element_type=\"column\">\n\t\t\t<div class=\"elementor-widget-wrap elementor-element-populated\">\n\t\t\t\t\t\t<div class=\"elementor-element elementor-element-48910df0 elementor-widget elementor-widget-image\" data-id=\"48910df0\" data-element_type=\"widget\" data-widget_type=\"image.default\">\n\t\t\t\t<div class=\"elementor-widget-container\">\n\t\t\t\t\t\t\t\t\t\t\t\t\t\t\t<img fetchpriority=\"high\" decoding=\"async\" width=\"1024\" height=\"682\" src=\"https:\/\/www.imageway.ch\/wp-content\/uploads\/2023\/07\/Bildschirmfoto-2023-07-22-um-08.16.46-1024x682.png\" class=\"attachment-large size-large wp-image-1709\" alt=\"\" srcset=\"https:\/\/www.imageway.ch\/wp-content\/uploads\/2023\/07\/Bildschirmfoto-2023-07-22-um-08.16.46-1024x682.png 1024w, https:\/\/www.imageway.ch\/wp-content\/uploads\/2023\/07\/Bildschirmfoto-2023-07-22-um-08.16.46-300x200.png 300w, https:\/\/www.imageway.ch\/wp-content\/uploads\/2023\/07\/Bildschirmfoto-2023-07-22-um-08.16.46-768x512.png 768w, https:\/\/www.imageway.ch\/wp-content\/uploads\/2023\/07\/Bildschirmfoto-2023-07-22-um-08.16.46.png 1057w\" sizes=\"(max-width: 1024px) 100vw, 1024px\" \/>\t\t\t\t\t\t\t\t\t\t\t\t\t\t\t<\/div>\n\t\t\t\t<\/div>\n\t\t\t\t\t<\/div>\n\t\t<\/div>\n\t\t\t\t<div class=\"elementor-column elementor-col-50 elementor-top-column elementor-element elementor-element-48b2d831\" data-id=\"48b2d831\" data-element_type=\"column\">\n\t\t\t<div class=\"elementor-widget-wrap elementor-element-populated\">\n\t\t\t\t\t\t<div class=\"elementor-element elementor-element-2292b48a elementor-widget elementor-widget-heading\" data-id=\"2292b48a\" data-element_type=\"widget\" data-widget_type=\"heading.default\">\n\t\t\t\t<div class=\"elementor-widget-container\">\n\t\t\t\t\t<h2 class=\"elementor-heading-title elementor-size-default\">Photoupload<\/h2>\t\t\t\t<\/div>\n\t\t\t\t<\/div>\n\t\t\t\t<div class=\"elementor-element elementor-element-2816da4b elementor-widget elementor-widget-text-editor\" data-id=\"2816da4b\" data-element_type=\"widget\" data-widget_type=\"text-editor.default\">\n\t\t\t\t<div class=\"elementor-widget-container\">\n\t\t\t\t\t\t\t\t\t<p>\u00dcber unsere Bestellsoftware k\u00f6nnen Sie noch einfacher Ihre Bilder von Zuhause aus bestellen und bei uns im Fotofachgesch\u00e4ft abholen kommen.<\/p><p>Scannen Sie ganz einfach den QR-Code oder <a href=\"https:\/\/imageway.photo-upload.ch\/de\/\">klicken Sie Hier<\/a> um Ihre Bilder zu bestellen.<\/p>\t\t\t\t\t\t\t\t<\/div>\n\t\t\t\t<\/div>\n\t\t\t\t\t<\/div>\n\t\t<\/div>\n\t\t\t\t\t<\/div>\n\t\t<\/section>\n\t\t\t\t<section class=\"elementor-section elementor-top-section elementor-element elementor-element-69e1ae8 elementor-section-boxed elementor-section-height-default elementor-section-height-default\" data-id=\"69e1ae8\" data-element_type=\"section\">\n\t\t\t\t\t\t<div class=\"elementor-container elementor-column-gap-default\">\n\t\t\t\t\t<div class=\"elementor-column elementor-col-50 elementor-top-column elementor-element elementor-element-81d7b72\" data-id=\"81d7b72\" data-element_type=\"column\">\n\t\t\t<div class=\"elementor-widget-wrap elementor-element-populated\">\n\t\t\t\t\t\t<div class=\"elementor-element elementor-element-5829ba4 elementor-widget elementor-widget-image\" data-id=\"5829ba4\" data-element_type=\"widget\" data-widget_type=\"image.default\">\n\t\t\t\t<div class=\"elementor-widget-container\">\n\t\t\t\t\t\t\t\t\t\t\t\t\t\t\t<img decoding=\"async\" width=\"800\" height=\"533\" src=\"https:\/\/www.imageway.ch\/wp-content\/uploads\/2021\/06\/Plotten.jpg\" class=\"attachment-large size-large wp-image-125\" alt=\"\" srcset=\"https:\/\/www.imageway.ch\/wp-content\/uploads\/2021\/06\/Plotten.jpg 800w, https:\/\/www.imageway.ch\/wp-content\/uploads\/2021\/06\/Plotten-300x200.jpg 300w, https:\/\/www.imageway.ch\/wp-content\/uploads\/2021\/06\/Plotten-768x512.jpg 768w\" sizes=\"(max-width: 800px) 100vw, 800px\" \/>\t\t\t\t\t\t\t\t\t\t\t\t\t\t\t<\/div>\n\t\t\t\t<\/div>\n\t\t\t\t\t<\/div>\n\t\t<\/div>\n\t\t\t\t<div class=\"elementor-column elementor-col-50 elementor-top-column elementor-element elementor-element-bbc51ed\" data-id=\"bbc51ed\" data-element_type=\"column\">\n\t\t\t<div class=\"elementor-widget-wrap elementor-element-populated\">\n\t\t\t\t\t\t<div class=\"elementor-element elementor-element-09c33d4 elementor-widget elementor-widget-heading\" data-id=\"09c33d4\" data-element_type=\"widget\" data-widget_type=\"heading.default\">\n\t\t\t\t<div class=\"elementor-widget-container\">\n\t\t\t\t\t<h2 class=\"elementor-heading-title elementor-size-default\">Print aus unserem Labor <\/h2>\t\t\t\t<\/div>\n\t\t\t\t<\/div>\n\t\t\t\t<div class=\"elementor-element elementor-element-821d09b elementor-widget elementor-widget-text-editor\" data-id=\"821d09b\" data-element_type=\"widget\" data-widget_type=\"text-editor.default\">\n\t\t\t\t<div class=\"elementor-widget-container\">\n\t\t\t\t\t\t\t\t\t<p>Wir produzieren ab digitalen Daten oder ab Scans Bilder auf Fotopapier bis max. 60\u00d790 im Hause innerhalb von 2 Arbeitstagen. Gr\u00f6ssere Formate k\u00f6nnen bestellt werden. Die Lieferzeit liegt hier bei etwa 7 Arbeitstagen.<\/p>\t\t\t\t\t\t\t\t<\/div>\n\t\t\t\t<\/div>\n\t\t\t\t\t<\/div>\n\t\t<\/div>\n\t\t\t\t\t<\/div>\n\t\t<\/section>\n\t\t\t\t<section class=\"elementor-section elementor-top-section elementor-element elementor-element-1841604 elementor-section-boxed elementor-section-height-default elementor-section-height-default\" data-id=\"1841604\" data-element_type=\"section\">\n\t\t\t\t\t\t<div class=\"elementor-container elementor-column-gap-default\">\n\t\t\t\t\t<div class=\"elementor-column elementor-col-50 elementor-top-column elementor-element elementor-element-57168b7\" data-id=\"57168b7\" data-element_type=\"column\">\n\t\t\t<div class=\"elementor-widget-wrap elementor-element-populated\">\n\t\t\t\t\t\t<div class=\"elementor-element elementor-element-bed2e57 elementor-widget elementor-widget-image\" data-id=\"bed2e57\" data-element_type=\"widget\" data-widget_type=\"image.default\">\n\t\t\t\t<div class=\"elementor-widget-container\">\n\t\t\t\t\t\t\t\t\t\t\t\t\t\t\t<img decoding=\"async\" width=\"1024\" height=\"683\" src=\"https:\/\/www.imageway.ch\/wp-content\/uploads\/2021\/08\/Foto_037_B-1024x683.jpg\" class=\"attachment-large size-large wp-image-388\" alt=\"\" srcset=\"https:\/\/www.imageway.ch\/wp-content\/uploads\/2021\/08\/Foto_037_B-1024x683.jpg 1024w, https:\/\/www.imageway.ch\/wp-content\/uploads\/2021\/08\/Foto_037_B-300x200.jpg 300w, https:\/\/www.imageway.ch\/wp-content\/uploads\/2021\/08\/Foto_037_B-768x512.jpg 768w, https:\/\/www.imageway.ch\/wp-content\/uploads\/2021\/08\/Foto_037_B-1536x1025.jpg 1536w, https:\/\/www.imageway.ch\/wp-content\/uploads\/2021\/08\/Foto_037_B-2048x1366.jpg 2048w\" sizes=\"(max-width: 1024px) 100vw, 1024px\" \/>\t\t\t\t\t\t\t\t\t\t\t\t\t\t\t<\/div>\n\t\t\t\t<\/div>\n\t\t\t\t\t<\/div>\n\t\t<\/div>\n\t\t\t\t<div class=\"elementor-column elementor-col-50 elementor-top-column elementor-element elementor-element-7ee4b10\" data-id=\"7ee4b10\" data-element_type=\"column\">\n\t\t\t<div class=\"elementor-widget-wrap elementor-element-populated\">\n\t\t\t\t\t\t<div class=\"elementor-element elementor-element-d62ac39 elementor-widget elementor-widget-heading\" data-id=\"d62ac39\" data-element_type=\"widget\" data-widget_type=\"heading.default\">\n\t\t\t\t<div class=\"elementor-widget-container\">\n\t\t\t\t\t<h2 class=\"elementor-heading-title elementor-size-default\">Einrahmen<\/h2>\t\t\t\t<\/div>\n\t\t\t\t<\/div>\n\t\t\t\t<div class=\"elementor-element elementor-element-e2fdbc3 elementor-widget elementor-widget-text-editor\" data-id=\"e2fdbc3\" data-element_type=\"widget\" data-widget_type=\"text-editor.default\">\n\t\t\t\t<div class=\"elementor-widget-container\">\n\t\t\t\t\t\t\t\t\t<p>Bilderrahmen unterschiedlicher Art werten Ihre Fotos auf und geben Ihnen den letzten Schliff.\u00a0Eine grosse Auswahl finden Sie bei uns im Ladengesch\u00e4ft.<\/p><p>Massanfertigungen bieten wir Ihnen innert\u00a0<br \/>10 Arbeitstagen an.<\/p>\t\t\t\t\t\t\t\t<\/div>\n\t\t\t\t<\/div>\n\t\t\t\t\t<\/div>\n\t\t<\/div>\n\t\t\t\t\t<\/div>\n\t\t<\/section>\n\t\t\t\t<section class=\"elementor-section elementor-top-section elementor-element elementor-element-17cc74c5 elementor-section-boxed elementor-section-height-default elementor-section-height-default\" data-id=\"17cc74c5\" data-element_type=\"section\">\n\t\t\t\t\t\t<div class=\"elementor-container elementor-column-gap-default\">\n\t\t\t\t\t<div class=\"elementor-column elementor-col-50 elementor-top-column elementor-element elementor-element-dfdefeb\" data-id=\"dfdefeb\" data-element_type=\"column\">\n\t\t\t<div class=\"elementor-widget-wrap elementor-element-populated\">\n\t\t\t\t\t\t<div class=\"elementor-element elementor-element-92716cb elementor-widget elementor-widget-image\" data-id=\"92716cb\" data-element_type=\"widget\" data-widget_type=\"image.default\">\n\t\t\t\t<div class=\"elementor-widget-container\">\n\t\t\t\t\t\t\t\t\t\t\t\t\t\t\t<img loading=\"lazy\" decoding=\"async\" width=\"800\" height=\"533\" src=\"https:\/\/www.imageway.ch\/wp-content\/uploads\/2021\/06\/aufziehen.jpg\" class=\"attachment-large size-large wp-image-111\" alt=\"\" srcset=\"https:\/\/www.imageway.ch\/wp-content\/uploads\/2021\/06\/aufziehen.jpg 800w, https:\/\/www.imageway.ch\/wp-content\/uploads\/2021\/06\/aufziehen-300x200.jpg 300w, https:\/\/www.imageway.ch\/wp-content\/uploads\/2021\/06\/aufziehen-768x512.jpg 768w\" sizes=\"(max-width: 800px) 100vw, 800px\" \/>\t\t\t\t\t\t\t\t\t\t\t\t\t\t\t<\/div>\n\t\t\t\t<\/div>\n\t\t\t\t\t<\/div>\n\t\t<\/div>\n\t\t\t\t<div class=\"elementor-column elementor-col-50 elementor-top-column elementor-element elementor-element-4438bee6\" data-id=\"4438bee6\" data-element_type=\"column\">\n\t\t\t<div class=\"elementor-widget-wrap elementor-element-populated\">\n\t\t\t\t\t\t<div class=\"elementor-element elementor-element-342c8def elementor-widget elementor-widget-heading\" data-id=\"342c8def\" data-element_type=\"widget\" data-widget_type=\"heading.default\">\n\t\t\t\t<div class=\"elementor-widget-container\">\n\t\t\t\t\t<h2 class=\"elementor-heading-title elementor-size-default\">Aufziehservice<\/h2>\t\t\t\t<\/div>\n\t\t\t\t<\/div>\n\t\t\t\t<div class=\"elementor-element elementor-element-6858ab3d elementor-widget elementor-widget-text-editor\" data-id=\"6858ab3d\" data-element_type=\"widget\" data-widget_type=\"text-editor.default\">\n\t\t\t\t<div class=\"elementor-widget-container\">\n\t\t\t\t\t\t\t\t\t<p class=\"textfett\">Die saubere, perfekte Art Bilder zu pr\u00e4sentieren.&nbsp;<\/p><p class=\"textfett\"><span style=\"font-size: 27px; color: var( --e-global-color-text );\">Wir ziehen Ihre Bilder auf die unten aufgef\u00fchrten Materialien auf. In der Breite von max. 60cm innert 2 Tagen.<\/span><\/p>\n<p>Alu Dibond,&nbsp;Canvas (Leinwand),&nbsp;Forex,&nbsp;PVC,&nbsp;Kappafix&nbsp;<\/p>\t\t\t\t\t\t\t\t<\/div>\n\t\t\t\t<\/div>\n\t\t\t\t\t<\/div>\n\t\t<\/div>\n\t\t\t\t\t<\/div>\n\t\t<\/section>\n\t\t\t\t<section class=\"elementor-section elementor-top-section elementor-element elementor-element-d5ffe78 elementor-section-boxed elementor-section-height-default elementor-section-height-default\" data-id=\"d5ffe78\" data-element_type=\"section\">\n\t\t\t\t\t\t<div class=\"elementor-container elementor-column-gap-default\">\n\t\t\t\t\t<div class=\"elementor-column elementor-col-50 elementor-top-column elementor-element elementor-element-eae51c7\" data-id=\"eae51c7\" data-element_type=\"column\">\n\t\t\t<div class=\"elementor-widget-wrap elementor-element-populated\">\n\t\t\t\t\t\t<div class=\"elementor-element elementor-element-546567a elementor-widget elementor-widget-image\" data-id=\"546567a\" data-element_type=\"widget\" data-widget_type=\"image.default\">\n\t\t\t\t<div class=\"elementor-widget-container\">\n\t\t\t\t\t\t\t\t\t\t\t\t\t\t\t<img loading=\"lazy\" decoding=\"async\" width=\"1024\" height=\"373\" src=\"https:\/\/www.imageway.ch\/wp-content\/uploads\/2023\/07\/fotogeschenke-von-company-name-kreativ-einzigartig-und-praktisch1920x7000638-1024x373.jpg\" class=\"attachment-large size-large wp-image-1662\" alt=\"\" srcset=\"https:\/\/www.imageway.ch\/wp-content\/uploads\/2023\/07\/fotogeschenke-von-company-name-kreativ-einzigartig-und-praktisch1920x7000638-1024x373.jpg 1024w, https:\/\/www.imageway.ch\/wp-content\/uploads\/2023\/07\/fotogeschenke-von-company-name-kreativ-einzigartig-und-praktisch1920x7000638-300x109.jpg 300w, https:\/\/www.imageway.ch\/wp-content\/uploads\/2023\/07\/fotogeschenke-von-company-name-kreativ-einzigartig-und-praktisch1920x7000638-768x280.jpg 768w, https:\/\/www.imageway.ch\/wp-content\/uploads\/2023\/07\/fotogeschenke-von-company-name-kreativ-einzigartig-und-praktisch1920x7000638-1536x560.jpg 1536w, https:\/\/www.imageway.ch\/wp-content\/uploads\/2023\/07\/fotogeschenke-von-company-name-kreativ-einzigartig-und-praktisch1920x7000638.jpg 1920w\" sizes=\"(max-width: 1024px) 100vw, 1024px\" \/>\t\t\t\t\t\t\t\t\t\t\t\t\t\t\t<\/div>\n\t\t\t\t<\/div>\n\t\t\t\t\t<\/div>\n\t\t<\/div>\n\t\t\t\t<div class=\"elementor-column elementor-col-50 elementor-top-column elementor-element elementor-element-a495ae8\" data-id=\"a495ae8\" data-element_type=\"column\">\n\t\t\t<div class=\"elementor-widget-wrap elementor-element-populated\">\n\t\t\t\t\t\t<div class=\"elementor-element elementor-element-722a826 elementor-widget elementor-widget-heading\" data-id=\"722a826\" data-element_type=\"widget\" data-widget_type=\"heading.default\">\n\t\t\t\t<div class=\"elementor-widget-container\">\n\t\t\t\t\t<h2 class=\"elementor-heading-title elementor-size-default\">Geschenkartikel <\/h2>\t\t\t\t<\/div>\n\t\t\t\t<\/div>\n\t\t\t\t<div class=\"elementor-element elementor-element-0a27cc7 elementor-widget elementor-widget-text-editor\" data-id=\"0a27cc7\" data-element_type=\"widget\" data-widget_type=\"text-editor.default\">\n\t\t\t\t<div class=\"elementor-widget-container\">\n\t\t\t\t\t\t\t\t\t<p><span style=\"caret-color: #464646; color: #464646; font-family: 'PT Sans Narrow', sans-serif; font-size: 25px; font-style: normal; font-variant-caps: normal; text-align: center; white-space: pre-wrap;\">Halten Sie Ihre sch\u00f6nsten Momente in Fotob\u00fccher, Tassen oder Puzzles fest. Schauen Sie vorbei und lassen Sie sich inspirieren von unseren Geschenkartikel. <\/span><\/p><p><span style=\"font-family: 'PT Sans Narrow', sans-serif; font-style: normal; font-variant-caps: normal; caret-color: #464646; color: #464646; font-size: 25px; text-align: center; white-space: pre-wrap;\">Kommen Sie vorbei oder Bestellen Sie ganz einfach <a href=\"https:\/\/imageway.meinfotohaendler.ch\/\">Online<\/a>.<\/span><span style=\"caret-color: #464646; color: #464646; font-family: 'PT Sans Narrow', sans-serif; font-size: 25px; font-style: normal; font-variant-caps: normal; text-align: center; white-space: pre-wrap;\">\u00a0<\/span><\/p>\t\t\t\t\t\t\t\t<\/div>\n\t\t\t\t<\/div>\n\t\t\t\t\t<\/div>\n\t\t<\/div>\n\t\t\t\t\t<\/div>\n\t\t<\/section>\n\t\t\t\t<section class=\"elementor-section elementor-top-section elementor-element elementor-element-f245920 elementor-section-boxed elementor-section-height-default elementor-section-height-default\" data-id=\"f245920\" data-element_type=\"section\" data-settings=\"{&quot;background_background&quot;:&quot;classic&quot;}\">\n\t\t\t\t\t\t<div class=\"elementor-container elementor-column-gap-default\">\n\t\t\t\t\t<div class=\"elementor-column elementor-col-100 elementor-top-column elementor-element elementor-element-d8132d9\" data-id=\"d8132d9\" data-element_type=\"column\">\n\t\t\t<div class=\"elementor-widget-wrap elementor-element-populated\">\n\t\t\t\t\t\t<div class=\"elementor-element elementor-element-dd2bd3b elementor-widget elementor-widget-spacer\" data-id=\"dd2bd3b\" data-element_type=\"widget\" data-widget_type=\"spacer.default\">\n\t\t\t\t<div class=\"elementor-widget-container\">\n\t\t\t\t\t\t\t<div class=\"elementor-spacer\">\n\t\t\t<div class=\"elementor-spacer-inner\"><\/div>\n\t\t<\/div>\n\t\t\t\t\t\t<\/div>\n\t\t\t\t<\/div>\n\t\t\t\t\t<\/div>\n\t\t<\/div>\n\t\t\t\t\t<\/div>\n\t\t<\/section>\n\t\t\t\t<\/div>\n\t\t","protected":false},"excerpt":{"rendered":"<p>Fotoservice Photoupload \u00dcber unsere Bestellsoftware k\u00f6nnen Sie noch einfacher Ihre Bilder von Zuhause aus bestellen und bei uns im Fotofachgesch\u00e4ft abholen kommen. Scannen Sie ganz einfach den QR-Code oder klicken Sie Hier um Ihre Bilder zu bestellen. Print aus unserem Labor Wir produzieren ab digitalen Daten oder ab Scans Bilder auf Fotopapier bis max. 60\u00d790 [&hellip;]<\/p>\n","protected":false},"author":1,"featured_media":0,"parent":0,"menu_order":0,"comment_status":"closed","ping_status":"closed","template":"","meta":{"ocean_post_layout":"full-screen","ocean_both_sidebars_style":"","ocean_both_sidebars_content_width":0,"ocean_both_sidebars_sidebars_width":0,"ocean_sidebar":"0","ocean_second_sidebar":"0","ocean_disable_margins":"enable","ocean_add_body_class":"","ocean_shortcode_before_top_bar":"","ocean_shortcode_after_top_bar":"","ocean_shortcode_before_header":"","ocean_shortcode_after_header":"","ocean_has_shortcode":"","ocean_shortcode_after_title":"","ocean_shortcode_before_footer_widgets":"","ocean_shortcode_after_footer_widgets":"","ocean_shortcode_before_footer_bottom":"","ocean_shortcode_after_footer_bottom":"","ocean_display_top_bar":"off","ocean_display_header":"on","ocean_header_style":"","ocean_center_header_left_menu":"0","ocean_custom_header_template":"0","ocean_custom_logo":0,"ocean_custom_retina_logo":0,"ocean_custom_logo_max_width":0,"ocean_custom_logo_tablet_max_width":0,"ocean_custom_logo_mobile_max_width":0,"ocean_custom_logo_max_height":0,"ocean_custom_logo_tablet_max_height":0,"ocean_custom_logo_mobile_max_height":0,"ocean_header_custom_menu":"0","ocean_menu_typo_font_family":"0","ocean_menu_typo_font_subset":"","ocean_menu_typo_font_size":0,"ocean_menu_typo_font_size_tablet":0,"ocean_menu_typo_font_size_mobile":0,"ocean_menu_typo_font_size_unit":"px","ocean_menu_typo_font_weight":"","ocean_menu_typo_font_weight_tablet":"","ocean_menu_typo_font_weight_mobile":"","ocean_menu_typo_transform":"","ocean_menu_typo_transform_tablet":"","ocean_menu_typo_transform_mobile":"","ocean_menu_typo_line_height":0,"ocean_menu_typo_line_height_tablet":0,"ocean_menu_typo_line_height_mobile":0,"ocean_menu_typo_line_height_unit":"","ocean_menu_typo_spacing":0,"ocean_menu_typo_spacing_tablet":0,"ocean_menu_typo_spacing_mobile":0,"ocean_menu_typo_spacing_unit":"","ocean_menu_link_color":"","ocean_menu_link_color_hover":"","ocean_menu_link_color_active":"","ocean_menu_link_background":"","ocean_menu_link_hover_background":"","ocean_menu_link_active_background":"","ocean_menu_social_links_bg":"","ocean_menu_social_hover_links_bg":"","ocean_menu_social_links_color":"","ocean_menu_social_hover_links_color":"","ocean_disable_title":"on","ocean_disable_heading":"default","ocean_post_title":"","ocean_post_subheading":"","ocean_post_title_style":"","ocean_post_title_background_color":"","ocean_post_title_background":0,"ocean_post_title_bg_image_position":"","ocean_post_title_bg_image_attachment":"","ocean_post_title_bg_image_repeat":"","ocean_post_title_bg_image_size":"","ocean_post_title_height":0,"ocean_post_title_bg_overlay":0.5,"ocean_post_title_bg_overlay_color":"","ocean_disable_breadcrumbs":"default","ocean_breadcrumbs_color":"","ocean_breadcrumbs_separator_color":"","ocean_breadcrumbs_links_color":"","ocean_breadcrumbs_links_hover_color":"","ocean_display_footer_widgets":"on","ocean_display_footer_bottom":"on","ocean_custom_footer_template":"0","footnotes":""},"class_list":["post-204","page","type-page","status-publish","hentry","entry"],"_links":{"self":[{"href":"https:\/\/www.imageway.ch\/index.php?rest_route=\/wp\/v2\/pages\/204","targetHints":{"allow":["GET"]}}],"collection":[{"href":"https:\/\/www.imageway.ch\/index.php?rest_route=\/wp\/v2\/pages"}],"about":[{"href":"https:\/\/www.imageway.ch\/index.php?rest_route=\/wp\/v2\/types\/page"}],"author":[{"embeddable":true,"href":"https:\/\/www.imageway.ch\/index.php?rest_route=\/wp\/v2\/users\/1"}],"replies":[{"embeddable":true,"href":"https:\/\/www.imageway.ch\/index.php?rest_route=%2Fwp%2Fv2%2Fcomments&post=204"}],"version-history":[{"count":59,"href":"https:\/\/www.imageway.ch\/index.php?rest_route=\/wp\/v2\/pages\/204\/revisions"}],"predecessor-version":[{"id":1812,"href":"https:\/\/www.imageway.ch\/index.php?rest_route=\/wp\/v2\/pages\/204\/revisions\/1812"}],"wp:attachment":[{"href":"https:\/\/www.imageway.ch\/index.php?rest_route=%2Fwp%2Fv2%2Fmedia&parent=204"}],"curies":[{"name":"wp","href":"https:\/\/api.w.org\/{rel}","templated":true}]}}